{"id":72,"date":"2025-05-07T11:47:38","date_gmt":"2025-05-07T09:47:38","guid":{"rendered":"https:\/\/france.dev-xefi.manitoba-preprod.fr\/?page_id=197"},"modified":"2025-08-08T11:24:02","modified_gmt":"2025-08-08T09:24:02","slug":"plan-du-site","status":"publish","type":"page","link":"https:\/\/suisse.dev-xefi.manitoba-preprod.fr\/fr\/plan-du-site\/","title":{"rendered":"Plan du site"},"content":{"rendered":"\n<div class=\"wp-block-group alignfull is-layout-constrained wp-container-core-group-is-layout-a47e864c wp-block-group-is-layout-constrained\" style=\"padding-top:var(--wp--preset--spacing--80);padding-right:var(--wp--preset--spacing--50);padding-bottom:var(--wp--preset--spacing--80);padding-left:var(--wp--preset--spacing--50)\">\n<div class=\"wp-block-group is-layout-constrained wp-container-core-group-is-layout-bea02a06 wp-block-group-is-layout-constrained\"><ul class=\"wp-block-page-list\"><li class=\"wp-block-pages-list__item menu-item-home\"><a class=\"wp-block-pages-list__item__link\" href=\"https:\/\/suisse.dev-xefi.manitoba-preprod.fr\/fr\/\">Accueil<\/a><\/li><li class=\"wp-block-pages-list__item has-child\"><a class=\"wp-block-pages-list__item__link\" href=\"https:\/\/suisse.dev-xefi.manitoba-preprod.fr\/fr\/maintenance\/\">Maintenance<\/a><ul class=\"wp-block-navigation__submenu-container\"><li class=\"wp-block-pages-list__item has-child \"><a class=\"wp-block-pages-list__item__link\" href=\"https:\/\/suisse.dev-xefi.manitoba-preprod.fr\/fr\/maintenance\/maintenance-vos-enjeux\/\">Vos enjeux<\/a><ul class=\"wp-block-navigation__submenu-container\"><li class=\"wp-block-pages-list__item \"><a class=\"wp-block-pages-list__item__link\" href=\"https:\/\/suisse.dev-xefi.manitoba-preprod.fr\/fr\/maintenance\/maintenance-vos-enjeux\/confier-la-maintenance-de-votre-parc-informatique-a-des-experts-pour-vous-concentrer-sur-votre-activite-2\/\">Confier la maintenance de votre parc informatique \u00e0 des experts pour vous concentrer sur votre activit\u00e9<\/a><\/li><\/ul><\/li><li class=\"wp-block-pages-list__item has-child \"><a class=\"wp-block-pages-list__item__link\" href=\"https:\/\/suisse.dev-xefi.manitoba-preprod.fr\/fr\/maintenance\/maintenance-nos-solutions\/\">Nos solutions<\/a><ul class=\"wp-block-navigation__submenu-container\"><li class=\"wp-block-pages-list__item \"><a class=\"wp-block-pages-list__item__link\" href=\"https:\/\/suisse.dev-xefi.manitoba-preprod.fr\/fr\/maintenance\/maintenance-nos-solutions\/le-contrat-de-maintenance-xefi\/\">Le contrat de maintenance XEFI<\/a><\/li><\/ul><\/li><\/ul><\/li><li class=\"wp-block-pages-list__item has-child\"><a class=\"wp-block-pages-list__item__link\" href=\"https:\/\/suisse.dev-xefi.manitoba-preprod.fr\/fr\/equipement\/\">\u00c9quipement<\/a><ul class=\"wp-block-navigation__submenu-container\"><li class=\"wp-block-pages-list__item has-child \"><a class=\"wp-block-pages-list__item__link\" href=\"https:\/\/suisse.dev-xefi.manitoba-preprod.fr\/fr\/equipement\/equipement-nos-solutions\/\">Nos solutions<\/a><ul class=\"wp-block-navigation__submenu-container\"><li class=\"wp-block-pages-list__item \"><a class=\"wp-block-pages-list__item__link\" href=\"https:\/\/suisse.dev-xefi.manitoba-preprod.fr\/fr\/equipement\/equipement-nos-solutions\/pc-fixes-et-portables\/\">PC fixes et portables professionnels<\/a><\/li><li class=\"wp-block-pages-list__item \"><a class=\"wp-block-pages-list__item__link\" href=\"https:\/\/suisse.dev-xefi.manitoba-preprod.fr\/fr\/equipement\/equipement-nos-solutions\/serveurs\/\">Serveurs professionnels<\/a><\/li><li class=\"wp-block-pages-list__item \"><a class=\"wp-block-pages-list__item__link\" href=\"https:\/\/suisse.dev-xefi.manitoba-preprod.fr\/fr\/equipement\/equipement-nos-solutions\/imprimantes-et-copieurs\/\">Imprimantes et copieurs<\/a><\/li><li class=\"wp-block-pages-list__item \"><a class=\"wp-block-pages-list__item__link\" href=\"https:\/\/suisse.dev-xefi.manitoba-preprod.fr\/fr\/equipement\/equipement-nos-solutions\/peripheriques\/\">P\u00e9riph\u00e9riques<\/a><\/li><li class=\"wp-block-pages-list__item \"><a class=\"wp-block-pages-list__item__link\" href=\"https:\/\/suisse.dev-xefi.manitoba-preprod.fr\/fr\/equipement\/equipement-nos-solutions\/financement\/\">Financement<\/a><\/li><\/ul><\/li><\/ul><\/li><li class=\"wp-block-pages-list__item has-child\"><a class=\"wp-block-pages-list__item__link\" href=\"https:\/\/suisse.dev-xefi.manitoba-preprod.fr\/fr\/securite\/\">S\u00e9curit\u00e9<\/a><ul class=\"wp-block-navigation__submenu-container\"><li class=\"wp-block-pages-list__item has-child \"><a class=\"wp-block-pages-list__item__link\" href=\"https:\/\/suisse.dev-xefi.manitoba-preprod.fr\/fr\/securite\/securite-vos-enjeux\/\">Vos enjeux<\/a><ul class=\"wp-block-navigation__submenu-container\"><li class=\"wp-block-pages-list__item \"><a class=\"wp-block-pages-list__item__link\" href=\"https:\/\/suisse.dev-xefi.manitoba-preprod.fr\/fr\/securite\/securite-vos-enjeux\/securiser-votre-reseau-dentreprise\/\">S\u00e9curiser votre r\u00e9seau d&rsquo;entreprise<\/a><\/li><li class=\"wp-block-pages-list__item \"><a class=\"wp-block-pages-list__item__link\" href=\"https:\/\/suisse.dev-xefi.manitoba-preprod.fr\/fr\/securite\/securite-vos-enjeux\/securiser-vos-serveurs-contre-les-virus-et-malwares\/\">S\u00e9curiser vos serveurs contre les virus et malwares<\/a><\/li><li class=\"wp-block-pages-list__item \"><a class=\"wp-block-pages-list__item__link\" href=\"https:\/\/suisse.dev-xefi.manitoba-preprod.fr\/fr\/securite\/securite-vos-enjeux\/securiser-vos-postes-de-travail-les-virus-et-malwares\/\">S\u00e9curiser vos postes de travail les virus et malwares<\/a><\/li><li class=\"wp-block-pages-list__item \"><a class=\"wp-block-pages-list__item__link\" href=\"https:\/\/suisse.dev-xefi.manitoba-preprod.fr\/fr\/securite\/securite-vos-enjeux\/proteger-vos-emails-et-eviter-les-spams\/\">Prot\u00e9ger vos emails et \u00e9viter les spams<\/a><\/li><li class=\"wp-block-pages-list__item \"><a class=\"wp-block-pages-list__item__link\" href=\"https:\/\/suisse.dev-xefi.manitoba-preprod.fr\/fr\/securite\/securite-vos-enjeux\/creer-gerer-et-partager-vos-mots-de-passe-en-toute-securite\/\">Cr\u00e9er, g\u00e9rer et partager vos mots de passe en toute s\u00e9curit\u00e9<\/a><\/li><\/ul><\/li><li class=\"wp-block-pages-list__item has-child \"><a class=\"wp-block-pages-list__item__link\" href=\"https:\/\/suisse.dev-xefi.manitoba-preprod.fr\/fr\/securite\/securite-nos-solutions\/\">Nos solutions<\/a><ul class=\"wp-block-navigation__submenu-container\"><li class=\"wp-block-pages-list__item \"><a class=\"wp-block-pages-list__item__link\" href=\"https:\/\/suisse.dev-xefi.manitoba-preprod.fr\/fr\/securite\/securite-nos-solutions\/reseau-securise-avec-pare-feu\/\">R\u00e9seau s\u00e9curis\u00e9 avec pare-feu<\/a><\/li><li class=\"wp-block-pages-list__item \"><a class=\"wp-block-pages-list__item__link\" href=\"https:\/\/suisse.dev-xefi.manitoba-preprod.fr\/fr\/securite\/securite-nos-solutions\/protection-antivirus-et-anti-ransomwares\/\">Protection antivirus et anti-ransomwares<\/a><\/li><li class=\"wp-block-pages-list__item \"><a class=\"wp-block-pages-list__item__link\" href=\"https:\/\/suisse.dev-xefi.manitoba-preprod.fr\/fr\/securite\/securite-nos-solutions\/protection-antispam\/\">Protection antispam<\/a><\/li><li class=\"wp-block-pages-list__item \"><a class=\"wp-block-pages-list__item__link\" href=\"https:\/\/suisse.dev-xefi.manitoba-preprod.fr\/fr\/securite\/securite-nos-solutions\/gestionnaire-de-mots-de-passe\/\">Gestionnaire de mots de passe<\/a><\/li><\/ul><\/li><\/ul><\/li><li class=\"wp-block-pages-list__item has-child\"><a class=\"wp-block-pages-list__item__link\" href=\"https:\/\/suisse.dev-xefi.manitoba-preprod.fr\/fr\/cloud\/\">Cloud<\/a><ul class=\"wp-block-navigation__submenu-container\"><li class=\"wp-block-pages-list__item has-child \"><a class=\"wp-block-pages-list__item__link\" href=\"https:\/\/suisse.dev-xefi.manitoba-preprod.fr\/fr\/cloud\/cloud-vos-enjeux\/\">Vos enjeux<\/a><ul class=\"wp-block-navigation__submenu-container\"><li class=\"wp-block-pages-list__item \"><a class=\"wp-block-pages-list__item__link\" href=\"https:\/\/suisse.dev-xefi.manitoba-preprod.fr\/fr\/cloud\/cloud-vos-enjeux\/heberger-et-securiser-vos-donnees\/\">H\u00e9berger et s\u00e9curiser vos donn\u00e9es<\/a><\/li><li class=\"wp-block-pages-list__item \"><a class=\"wp-block-pages-list__item__link\" href=\"https:\/\/suisse.dev-xefi.manitoba-preprod.fr\/fr\/cloud\/cloud-vos-enjeux\/sauvegarder-vos-serveurs\/\">Sauvegarder vos serveurs<\/a><\/li><li class=\"wp-block-pages-list__item \"><a class=\"wp-block-pages-list__item__link\" href=\"https:\/\/suisse.dev-xefi.manitoba-preprod.fr\/fr\/cloud\/cloud-vos-enjeux\/sauvegarder-vos-postes-de-travail\/\">Sauvegarder vos postes de travail<\/a><\/li><li class=\"wp-block-pages-list__item \"><a class=\"wp-block-pages-list__item__link\" href=\"https:\/\/suisse.dev-xefi.manitoba-preprod.fr\/fr\/cloud\/cloud-vos-enjeux\/assurer-la-reprise-de-votre-activite-en-cas-dincident\/\">Assurer la reprise de votre activit\u00e9 en cas d&rsquo;incident<\/a><\/li><li class=\"wp-block-pages-list__item \"><a class=\"wp-block-pages-list__item__link\" href=\"https:\/\/suisse.dev-xefi.manitoba-preprod.fr\/fr\/cloud\/cloud-vos-enjeux\/assurer-la-continuite-de-votre-activite-en-cas-dincident\/\">Assurer la continuit\u00e9 de votre activit\u00e9 en cas d&rsquo;incident<\/a><\/li><li class=\"wp-block-pages-list__item \"><a class=\"wp-block-pages-list__item__link\" href=\"https:\/\/suisse.dev-xefi.manitoba-preprod.fr\/fr\/cloud\/cloud-vos-enjeux\/conserver-et-acceder-a-vos-fichiers-archives-a-tout-moment\/\">Conserver et acc\u00e9der \u00e0 vos fichiers archiv\u00e9s \u00e0 tout moment<\/a><\/li><\/ul><\/li><li class=\"wp-block-pages-list__item has-child \"><a class=\"wp-block-pages-list__item__link\" href=\"https:\/\/suisse.dev-xefi.manitoba-preprod.fr\/fr\/cloud\/cloud-nos-solutions\/\">Nos solutions<\/a><ul class=\"wp-block-navigation__submenu-container\"><li class=\"wp-block-pages-list__item \"><a class=\"wp-block-pages-list__item__link\" href=\"https:\/\/suisse.dev-xefi.manitoba-preprod.fr\/fr\/cloud\/cloud-nos-solutions\/serveurs-cloud-manages\/\">Serveurs cloud manag\u00e9s<\/a><\/li><li class=\"wp-block-pages-list__item \"><a class=\"wp-block-pages-list__item__link\" href=\"https:\/\/suisse.dev-xefi.manitoba-preprod.fr\/fr\/cloud\/cloud-nos-solutions\/sauvegarde\/\">Sauvegarde<\/a><\/li><li class=\"wp-block-pages-list__item \"><a class=\"wp-block-pages-list__item__link\" href=\"https:\/\/suisse.dev-xefi.manitoba-preprod.fr\/fr\/cloud\/cloud-nos-solutions\/plan-de-reprise-d-activite\/\">Plan de reprise d&rsquo;activit\u00e9<\/a><\/li><li class=\"wp-block-pages-list__item \"><a class=\"wp-block-pages-list__item__link\" href=\"https:\/\/suisse.dev-xefi.manitoba-preprod.fr\/fr\/cloud\/cloud-nos-solutions\/plan-de-continuite-d-activite\/\">Plan de continuit\u00e9 d&rsquo;activit\u00e9<\/a><\/li><li class=\"wp-block-pages-list__item \"><a class=\"wp-block-pages-list__item__link\" href=\"https:\/\/suisse.dev-xefi.manitoba-preprod.fr\/fr\/cloud\/cloud-nos-solutions\/archivage-numerique\/\">Archivage num\u00e9rique<\/a><\/li><\/ul><\/li><\/ul><\/li><li class=\"wp-block-pages-list__item has-child\"><a class=\"wp-block-pages-list__item__link\" href=\"https:\/\/suisse.dev-xefi.manitoba-preprod.fr\/fr\/software\/\">Software<\/a><ul class=\"wp-block-navigation__submenu-container\"><li class=\"wp-block-pages-list__item has-child \"><a class=\"wp-block-pages-list__item__link\" href=\"https:\/\/suisse.dev-xefi.manitoba-preprod.fr\/fr\/software\/digitalisation-vos-enjeux\/\">Vos enjeux<\/a><ul class=\"wp-block-navigation__submenu-container\"><li class=\"wp-block-pages-list__item \"><a class=\"wp-block-pages-list__item__link\" href=\"https:\/\/suisse.dev-xefi.manitoba-preprod.fr\/fr\/software\/digitalisation-vos-enjeux\/automatiser-vos-taches-rh-et-administratives\/\">Automatiser vos t\u00e2ches RH et\u2028administratives<\/a><\/li><li class=\"wp-block-pages-list__item \"><a class=\"wp-block-pages-list__item__link\" href=\"https:\/\/suisse.dev-xefi.manitoba-preprod.fr\/fr\/software\/digitalisation-vos-enjeux\/gerer-vos-documents-internes-dans-une-bibliotheque-numerique-dediee\/\">G\u00e9rer vos documents internes dans une biblioth\u00e8que num\u00e9rique d\u00e9di\u00e9e<\/a><\/li><\/ul><\/li><li class=\"wp-block-pages-list__item has-child \"><a class=\"wp-block-pages-list__item__link\" href=\"https:\/\/suisse.dev-xefi.manitoba-preprod.fr\/fr\/software\/digitalisation-nos-solutions\/\">Nos solutions<\/a><ul class=\"wp-block-navigation__submenu-container\"><li class=\"wp-block-pages-list__item \"><a class=\"wp-block-pages-list__item__link\" href=\"https:\/\/suisse.dev-xefi.manitoba-preprod.fr\/fr\/software\/digitalisation-nos-solutions\/dailyapps-solution-digitale-de-gestion-des-tpe-pme\/\">Dailyapps, solution digitale de gestion des TPE\/PME<\/a><\/li><li class=\"wp-block-pages-list__item \"><a class=\"wp-block-pages-list__item__link\" href=\"https:\/\/suisse.dev-xefi.manitoba-preprod.fr\/fr\/software\/digitalisation-nos-solutions\/my-eddydoc-numerisation-et-gestion-electronique-de-documents\/\">My EddyDoc, Gestion \u00c9lectronique de Documents<\/a><\/li><\/ul><\/li><\/ul><\/li><li class=\"wp-block-pages-list__item has-child\"><a class=\"wp-block-pages-list__item__link\" href=\"https:\/\/suisse.dev-xefi.manitoba-preprod.fr\/fr\/decouvrir-xefi\/\">D\u00e9couvrir XEFI<\/a><ul class=\"wp-block-navigation__submenu-container\"><li class=\"wp-block-pages-list__item has-child \"><a class=\"wp-block-pages-list__item__link\" href=\"https:\/\/suisse.dev-xefi.manitoba-preprod.fr\/fr\/decouvrir-xefi\/a-propos-de-nous\/\">\u00c0 propos de nous<\/a><ul class=\"wp-block-navigation__submenu-container\"><li class=\"wp-block-pages-list__item \"><a class=\"wp-block-pages-list__item__link\" href=\"https:\/\/suisse.dev-xefi.manitoba-preprod.fr\/fr\/decouvrir-xefi\/a-propos-de-nous\/qui-sommes-nous\/\">Qui sommes-nous ?<\/a><\/li><li class=\"wp-block-pages-list__item \"><a class=\"wp-block-pages-list__item__link\" href=\"https:\/\/suisse.dev-xefi.manitoba-preprod.fr\/fr\/decouvrir-xefi\/a-propos-de-nous\/trouver-votre-agence-xefi\/\">Trouver votre agence XEFI<\/a><\/li><li class=\"wp-block-pages-list__item \"><a class=\"wp-block-pages-list__item__link\" href=\"https:\/\/suisse.dev-xefi.manitoba-preprod.fr\/fr\/decouvrir-xefi\/a-propos-de-nous\/nos-partenaires-certifications-it\/\">Nos partenaires &amp; certifications<\/a><\/li><li class=\"wp-block-pages-list__item \"><a class=\"wp-block-pages-list__item__link\" href=\"https:\/\/suisse.dev-xefi.manitoba-preprod.fr\/fr\/decouvrir-xefi\/a-propos-de-nous\/ouvrir-une-franchise-xefi\/\">Ouvrir une franchise XEFI<\/a><\/li><li class=\"wp-block-pages-list__item \"><a class=\"wp-block-pages-list__item__link\" href=\"https:\/\/suisse.dev-xefi.manitoba-preprod.fr\/fr\/decouvrir-xefi\/a-propos-de-nous\/travailler-chez-xefi-carriere-et-academy\/\">Travailler chez XEFI : Carri\u00e8re et Academy<\/a><\/li><li class=\"wp-block-pages-list__item \"><a class=\"wp-block-pages-list__item__link\" href=\"https:\/\/suisse.dev-xefi.manitoba-preprod.fr\/fr\/decouvrir-xefi\/a-propos-de-nous\/temoignages-clients\/\">T\u00e9moignages clients<\/a><\/li><li class=\"wp-block-pages-list__item \"><a class=\"wp-block-pages-list__item__link\" href=\"https:\/\/suisse.dev-xefi.manitoba-preprod.fr\/fr\/decouvrir-xefi\/a-propos-de-nous\/conseils-d-experts-et-actualites\/\">Conseils d\u2019experts et Actualit\u00e9s<\/a><\/li><li class=\"wp-block-pages-list__item \"><a class=\"wp-block-pages-list__item__link\" href=\"https:\/\/suisse.dev-xefi.manitoba-preprod.fr\/fr\/decouvrir-xefi\/a-propos-de-nous\/contacter-le-groupe\/\">Contacter le groupe<\/a><\/li><\/ul><\/li><\/ul><\/li><li class=\"wp-block-pages-list__item\"><a class=\"wp-block-pages-list__item__link\" href=\"https:\/\/suisse.dev-xefi.manitoba-preprod.fr\/fr\/trouver-votre-agence-xefi\/\">Trouver votre agence XEFI<\/a><\/li><li class=\"wp-block-pages-list__item has-child\"><a class=\"wp-block-pages-list__item__link\" href=\"https:\/\/suisse.dev-xefi.manitoba-preprod.fr\/fr\/espace-client\/\">Espace client<\/a><ul class=\"wp-block-navigation__submenu-container\"><li class=\"wp-block-pages-list__item has-child \"><a class=\"wp-block-pages-list__item__link\" href=\"https:\/\/suisse.dev-xefi.manitoba-preprod.fr\/fr\/espace-client\/acces-rapides\/\">Acc\u00e8s rapides<\/a><ul class=\"wp-block-navigation__submenu-container\"><li class=\"wp-block-pages-list__item \"><a class=\"wp-block-pages-list__item__link\" href=\"https:\/\/suisse.dev-xefi.manitoba-preprod.fr\/fr\/espace-client\/acces-rapides\/espace-clients\/\">Espace clients<\/a><\/li><li class=\"wp-block-pages-list__item \"><a class=\"wp-block-pages-list__item__link\" href=\"https:\/\/suisse.dev-xefi.manitoba-preprod.fr\/fr\/espace-client\/acces-rapides\/support-technique\/\">Support technique<\/a><\/li><\/ul><\/li><\/ul><\/li><li class=\"wp-block-pages-list__item\"><a class=\"wp-block-pages-list__item__link\" href=\"https:\/\/suisse.dev-xefi.manitoba-preprod.fr\/fr\/rechercher\/\">Rechercher<\/a><\/li><li class=\"wp-block-pages-list__item\"><a class=\"wp-block-pages-list__item__link\" href=\"https:\/\/suisse.dev-xefi.manitoba-preprod.fr\/fr\/xefi-academy\/\">XEFI Academy<\/a><\/li><li class=\"wp-block-pages-list__item\"><a class=\"wp-block-pages-list__item__link\" href=\"https:\/\/suisse.dev-xefi.manitoba-preprod.fr\/fr\/xefi-carrieres\/\">XEFI Carri\u00e8res<\/a><\/li><li class=\"wp-block-pages-list__item\"><a class=\"wp-block-pages-list__item__link\" href=\"https:\/\/suisse.dev-xefi.manitoba-preprod.fr\/fr\/foire-aux-questions\/\">FAQ<\/a><\/li><li class=\"wp-block-pages-list__item\"><a class=\"wp-block-pages-list__item__link\" href=\"https:\/\/suisse.dev-xefi.manitoba-preprod.fr\/fr\/mentions-legales\/\">Mentions l\u00e9gales<\/a><\/li><li class=\"wp-block-pages-list__item\"><a class=\"wp-block-pages-list__item__link\" href=\"https:\/\/suisse.dev-xefi.manitoba-preprod.fr\/fr\/politique-de-confidentialite-cookies\/\">Politique de confidentialit\u00e9 &amp; cookies<\/a><\/li><li class=\"wp-block-pages-list__item\"><a class=\"wp-block-pages-list__item__link\" href=\"https:\/\/suisse.dev-xefi.manitoba-preprod.fr\/fr\/plan-du-site\/\">Plan du site<\/a><\/li><\/ul><\/div>\n<\/div>\n","protected":false},"excerpt":{"rendered":"","protected":false},"author":1,"featured_media":0,"parent":0,"menu_order":68,"comment_status":"closed","ping_status":"closed","template":"","meta":{"_acf_changed":false,"footnotes":""},"class_list":["post-72","page","type-page","status-publish","hentry","page_location-liens-footer"],"acf":[],"_links":{"self":[{"href":"https:\/\/suisse.dev-xefi.manitoba-preprod.fr\/fr\/wp-json\/wp\/v2\/pages\/72","targetHints":{"allow":["GET"]}}],"collection":[{"href":"https:\/\/suisse.dev-xefi.manitoba-preprod.fr\/fr\/wp-json\/wp\/v2\/pages"}],"about":[{"href":"https:\/\/suisse.dev-xefi.manitoba-preprod.fr\/fr\/wp-json\/wp\/v2\/types\/page"}],"author":[{"embeddable":true,"href":"https:\/\/suisse.dev-xefi.manitoba-preprod.fr\/fr\/wp-json\/wp\/v2\/users\/1"}],"replies":[{"embeddable":true,"href":"https:\/\/suisse.dev-xefi.manitoba-preprod.fr\/fr\/wp-json\/wp\/v2\/comments?post=72"}],"version-history":[{"count":0,"href":"https:\/\/suisse.dev-xefi.manitoba-preprod.fr\/fr\/wp-json\/wp\/v2\/pages\/72\/revisions"}],"wp:attachment":[{"href":"https:\/\/suisse.dev-xefi.manitoba-preprod.fr\/fr\/wp-json\/wp\/v2\/media?parent=72"}],"curies":[{"name":"wp","href":"https:\/\/api.w.org\/{rel}","templated":true}]}}