{"id":68,"date":"2025-05-05T11:21:41","date_gmt":"2025-05-05T09:21:41","guid":{"rendered":"https:\/\/france.dev-xefi.manitoba-preprod.fr\/?page_id=149"},"modified":"2026-03-11T16:06:50","modified_gmt":"2026-03-11T15:06:50","slug":"trouver-votre-agence-xefi","status":"publish","type":"page","link":"https:\/\/suisse.dev-xefi.manitoba-preprod.fr\/fr\/trouver-votre-agence-xefi\/","title":{"rendered":"Trouver votre agence XEFI"},"content":{"rendered":"\n<div class=\"wp-block-group alignfull is-layout-constrained wp-container-core-group-is-layout-a47e864c wp-block-group-is-layout-constrained\" style=\"padding-top:var(--wp--preset--spacing--80);padding-right:var(--wp--preset--spacing--50);padding-bottom:var(--wp--preset--spacing--80);padding-left:var(--wp--preset--spacing--50)\">\n<h2 class=\"wp-block-heading has-text-align-center\">votre <mark class=\"has-inline-color has-primary-color\">agence xefi<\/mark> de proximit\u00e9<\/h2>\n\n\n\n<p class=\"has-text-align-center has-custom-medium-font-size\" style=\"margin-bottom:var(--wp--preset--spacing--80)\"><strong>Trouvez rapidement l\u2019agence XEFI la plus proche de vous en cliquant sur le bouton de localisation ou en entrant votre code postal ou votre ville !<\/strong><\/p>\n\n\n    <script>\n        window.__ACTIVE_STORE__ = null;\n        window.__DEFAULT_STORES_LIST__ = [{\"id\":405,\"name\":\"XEFI Gen\\u00e8ve Eaux-Vives\",\"distance\":\"\",\"currentHours\":[],\"isOpen\":false,\"street\":\"Chemin Bizot 4\",\"postalcode\":\"1208\",\"city\":\"Gen\\u00e8ve\",\"phones\":[\"+41 22 735 34 00\",\"022 735 34 00\"],\"url\":\"https:\\\/\\\/suisse.dev-xefi.manitoba-preprod.fr\\\/fr\\\/agence\\\/xefi-geneve-eaux-vives\\\/\",\"latLng\":{\"lat\":46.193962,\"lng\":6.166333}},{\"id\":411,\"name\":\"XEFI Gen\\u00e8ve Rive Gauche\",\"distance\":\"\",\"currentHours\":[],\"isOpen\":false,\"street\":\"Route de Thonon 152 A\",\"postalcode\":\"1222\",\"city\":\"Gen\\u00e8ve\",\"phones\":[\"+41 22 566 12 34\",\"geneve-rive-gauche@xefi.ch\"],\"url\":\"https:\\\/\\\/suisse.dev-xefi.manitoba-preprod.fr\\\/fr\\\/agence\\\/xefi-geneve-rive-gauche\\\/\",\"latLng\":{\"lat\":46.2470754,\"lng\":6.215467}},{\"id\":408,\"name\":\"XEFI Lausanne Ouest\",\"distance\":\"\",\"currentHours\":[],\"isOpen\":false,\"street\":\"Rue du Ch\\u00eane 15\",\"postalcode\":\"1020\",\"city\":\"Renens\",\"phones\":[\"+41 21 625 00 00\",\"021 625 00 00\"],\"url\":\"https:\\\/\\\/suisse.dev-xefi.manitoba-preprod.fr\\\/fr\\\/agence\\\/xefi-lausanne-ouest\\\/\",\"latLng\":{\"lat\":46.5290328,\"lng\":6.5928831}},{\"id\":417,\"name\":\"XEFI Neuch\\u00e2tel\",\"distance\":\"\",\"currentHours\":[],\"isOpen\":false,\"street\":\"Rue de la Charri\\u00e8re 80\",\"postalcode\":\"2300\",\"city\":\"La Chaux-de-Fonds\",\"phones\":[\"+41 32 967 88 66\",\"032 967 88 66\"],\"url\":\"https:\\\/\\\/suisse.dev-xefi.manitoba-preprod.fr\\\/fr\\\/agence\\\/xefi-neuchatel\\\/\",\"latLng\":{\"lat\":47.112712,\"lng\":6.837082}},{\"id\":420,\"name\":\"XEFI Valais Central\",\"distance\":\"\",\"currentHours\":[],\"isOpen\":false,\"street\":\"Route du Simplon 27A\",\"postalcode\":\"3960\",\"city\":\"Sierre\",\"phones\":[\"+41 27 480 10 52\",\"027 480 10 52\"],\"url\":\"https:\\\/\\\/suisse.dev-xefi.manitoba-preprod.fr\\\/fr\\\/agence\\\/xefi-valais-central\\\/\",\"latLng\":{\"lat\":46.2967888,\"lng\":7.5411811}}];\n    <\/script>\n    <div class=\"manitoba-stores-map wp-block-manitoba-stores-stores-map\"        data-googlemaps-apikey=\"AIzaSyDsaYpxvzCYXCWrBnqT08gCH-zSx9JcPIo\"\n        data-default-latlng=\"46.6034,1.8883\"\n        data-default-zoom=\"6\"\n        data-marker-url=\"\/wp-content\/themes\/xefi-theme\/medias\/icon_marker.svg\"\n        data-active-marker-url=\"\/wp-content\/themes\/xefi-theme\/medias\/icon_active_marker.svg\"\n        data-countries=\"CH\">\n        <div class=\"map-container\">\n            <iframe loading=\"lazy\" class=\"map-frame\" width=\"100%\" height=\"600\" frameborder=\"0\" scrolling=\"no\" marginheight=\"0\" marginwidth=\"0\" src=\"https:\/\/maps.google.com\/maps?width=100%25&amp;height=600&amp;hl=en&amp;q=manitoba%20montrouge+(My%20Business%20Name)&amp;t=&amp;z=14&amp;ie=UTF8&amp;iwloc=B&amp;output=embed\"><\/iframe>\n        <\/div>\n    <\/div>\n<\/div>\n\n\n\n<div class=\"wp-block-group alignfull is-layout-constrained wp-container-core-group-is-layout-a47e864c wp-block-group-is-layout-constrained\" style=\"padding-top:var(--wp--preset--spacing--80);padding-right:var(--wp--preset--spacing--50);padding-bottom:var(--wp--preset--spacing--80);padding-left:var(--wp--preset--spacing--50)\">\n<h2 class=\"wp-block-heading has-text-align-center\" style=\"margin-bottom:var(--wp--preset--spacing--80)\">retrouvez <mark class=\"has-inline-color has-primary-color\">toutes nos agences<\/mark> par r\u00e9gions&#8230;<\/h2>\n\n\n\n<div class=\"wp-block-columns is-layout-flex wp-container-core-columns-is-layout-643ced6b wp-block-columns-is-layout-flex\">\n<div class=\"wp-block-column is-layout-flow wp-block-column-is-layout-flow\" style=\"flex-basis:33.33%\">\n<div class=\"wp-block-group has-light-background-color has-background is-layout-constrained wp-container-core-group-is-layout-ae744a23 wp-block-group-is-layout-constrained\" style=\"padding-top:var(--wp--preset--spacing--70);padding-right:var(--wp--preset--spacing--70);padding-bottom:var(--wp--preset--spacing--70);padding-left:var(--wp--preset--spacing--70)\">\n<p><strong>Nos agences de proximit\u00e9 XEFI sont pr\u00e9sentes partout en France pour \u00eatre au plus pr\u00e8s de vous.<\/strong> <\/p>\n\n\n\n<p>S\u00e9lectionnez votre r\u00e9gion pour d\u00e9couvrir nos agences locales, leurs coordonn\u00e9es et horaires d\u2019ouverture.&nbsp;<\/p>\n<\/div>\n<\/div>\n\n\n\n<div class=\"wp-block-column is-layout-flow wp-block-column-is-layout-flow\" style=\"flex-basis:66.66%\">    <div class=\"manitoba-stores-list wp-block-manitoba-stores-stores-list\">\n                    <div class=\"stores-country\">\n                                                                            <section class=\"region\">\n                            <div class=\"region-stores\">\n                                <ul class=\"stores\">\n                                                                            <li class=\"stores-item\">\n                                            <a href=\"https:\/\/suisse.dev-xefi.manitoba-preprod.fr\/fr\/agence\/xefi-geneve-eaux-vives\/\" class=\"store\">XEFI Gen\u00e8ve Eaux-Vives<\/a>\n                                        <\/li>\n                                                                            <li class=\"stores-item\">\n                                            <a href=\"https:\/\/suisse.dev-xefi.manitoba-preprod.fr\/fr\/agence\/xefi-geneve-rive-gauche\/\" class=\"store\">XEFI Gen\u00e8ve Rive Gauche<\/a>\n                                        <\/li>\n                                                                            <li class=\"stores-item\">\n                                            <a href=\"https:\/\/suisse.dev-xefi.manitoba-preprod.fr\/fr\/agence\/xefi-lausanne-ouest\/\" class=\"store\">XEFI Lausanne Ouest<\/a>\n                                        <\/li>\n                                                                            <li class=\"stores-item\">\n                                            <a href=\"https:\/\/suisse.dev-xefi.manitoba-preprod.fr\/fr\/agence\/xefi-neuchatel\/\" class=\"store\">XEFI Neuch\u00e2tel<\/a>\n                                        <\/li>\n                                                                            <li class=\"stores-item\">\n                                            <a href=\"https:\/\/suisse.dev-xefi.manitoba-preprod.fr\/fr\/agence\/xefi-valais-central\/\" class=\"store\">XEFI Valais Central<\/a>\n                                        <\/li>\n                                                                    <\/ul>\n                            <\/div>\n                        <\/section>\n                                                <\/div>\n            <\/div>\n<\/div>\n<\/div>\n\n\n\n<div style=\"height:100px\" aria-hidden=\"true\" class=\"wp-block-spacer\"><\/div>\n\n\n\n<h2 class=\"wp-block-heading has-text-align-center\" style=\"margin-bottom:var(--wp--preset--spacing--80)\">&#8230; ou par d\u00e9partements<\/h2>\n\n\n\n<div class=\"wp-block-columns is-layout-flex wp-container-core-columns-is-layout-643ced6b wp-block-columns-is-layout-flex\">\n<div class=\"wp-block-column is-layout-flow wp-block-column-is-layout-flow\" style=\"flex-basis:33.33%\">\n<div class=\"wp-block-group has-light-background-color has-background is-layout-constrained wp-container-core-group-is-layout-ae744a23 wp-block-group-is-layout-constrained\" style=\"padding-top:var(--wp--preset--spacing--70);padding-right:var(--wp--preset--spacing--70);padding-bottom:var(--wp--preset--spacing--70);padding-left:var(--wp--preset--spacing--70)\">\n<p><strong><strong><strong>Nos agences de proximit\u00e9 XEFI sont pr\u00e9sentes partout en France pour \u00eatre au plus pr\u00e8s de vous.<\/strong><\/strong><\/strong><\/p>\n\n\n\n<p>S\u00e9lectionnez votre d\u00e9partement pour d\u00e9couvrir nos agences locales, leurs coordonn\u00e9es et horaires d\u2019ouverture.&nbsp;<\/p>\n<\/div>\n<\/div>\n\n\n\n<div class=\"wp-block-column is-layout-flow wp-block-column-is-layout-flow\" style=\"flex-basis:66.66%\">    <div class=\"manitoba-stores-list wp-block-manitoba-stores-stores-list\">\n                    <div class=\"stores-country\">\n                                                                            <section class=\"region\">\n                            <div class=\"region-stores\">\n                                <ul class=\"stores\">\n                                                                            <li class=\"stores-item\">\n                                            <a href=\"https:\/\/suisse.dev-xefi.manitoba-preprod.fr\/fr\/agence\/xefi-geneve-eaux-vives\/\" class=\"store\">XEFI Gen\u00e8ve Eaux-Vives<\/a>\n                                        <\/li>\n                                                                            <li class=\"stores-item\">\n                                            <a href=\"https:\/\/suisse.dev-xefi.manitoba-preprod.fr\/fr\/agence\/xefi-geneve-rive-gauche\/\" class=\"store\">XEFI Gen\u00e8ve Rive Gauche<\/a>\n                                        <\/li>\n                                                                            <li class=\"stores-item\">\n                                            <a href=\"https:\/\/suisse.dev-xefi.manitoba-preprod.fr\/fr\/agence\/xefi-lausanne-ouest\/\" class=\"store\">XEFI Lausanne Ouest<\/a>\n                                        <\/li>\n                                                                            <li class=\"stores-item\">\n                                            <a href=\"https:\/\/suisse.dev-xefi.manitoba-preprod.fr\/fr\/agence\/xefi-neuchatel\/\" class=\"store\">XEFI Neuch\u00e2tel<\/a>\n                                        <\/li>\n                                                                            <li class=\"stores-item\">\n                                            <a href=\"https:\/\/suisse.dev-xefi.manitoba-preprod.fr\/fr\/agence\/xefi-valais-central\/\" class=\"store\">XEFI Valais Central<\/a>\n                                        <\/li>\n                                                                    <\/ul>\n                            <\/div>\n                        <\/section>\n                                                <\/div>\n            <\/div>\n<\/div>\n<\/div>\n<\/div>\n\n\n\n<div class=\"wp-block-group alignfull has-light-background-color has-background is-layout-constrained wp-container-core-group-is-layout-a47e864c wp-block-group-is-layout-constrained\" style=\"padding-top:var(--wp--preset--spacing--80);padding-right:var(--wp--preset--spacing--50);padding-bottom:var(--wp--preset--spacing--80);padding-left:var(--wp--preset--spacing--50)\">\n<h2 class=\"wp-block-heading has-text-align-center\" style=\"margin-bottom:var(--wp--preset--spacing--80)\">Pourquoi choisir <mark class=\"has-inline-color has-primary-color\">XEFI ?<\/mark><\/h2>\n\n\n\n<div class=\"wp-block-columns is-layout-flex wp-container-core-columns-is-layout-f5a44f5b wp-block-columns-is-layout-flex\">\n<div class=\"wp-block-column is-vertically-aligned-top is-layout-flow wp-block-column-is-layout-flow\">\n<figure class=\"wp-block-image aligncenter size-full\" style=\"margin-bottom:var(--wp--preset--spacing--50)\"><img decoding=\"async\" src=\"https:\/\/france.dev-xefi.manitoba-preprod.fr\/wp-content\/uploads\/sites\/2\/2025\/05\/icon_proximite.svg\" alt=\"\" class=\"wp-image-431\"\/><\/figure>\n\n\n\n<p class=\"has-text-align-center has-custom-medium-font-size\"><strong>Proximit\u00e9<\/strong><\/p>\n\n\n\n<p class=\"has-text-align-center\">5 agences en France&nbsp;: des guichets uniques&nbsp;situ\u00e9s \u00e0 moins de 30 minutes de nos clients.<\/p>\n<\/div>\n\n\n\n<div class=\"wp-block-column is-layout-flow wp-block-column-is-layout-flow\">\n<figure class=\"wp-block-image aligncenter size-full\" style=\"margin-bottom:var(--wp--preset--spacing--50)\"><img decoding=\"async\" src=\"https:\/\/france.dev-xefi.manitoba-preprod.fr\/wp-content\/uploads\/sites\/2\/2025\/05\/icon_expertise.svg\" alt=\"\" class=\"wp-image-429\"\/><\/figure>\n\n\n\n<p class=\"has-text-align-center has-custom-medium-font-size\"><strong>Expertise<\/strong><\/p>\n\n\n\n<p class=\"has-text-align-center\">Une \u00e9quipe d\u2019experts et des services et solutions informatiques d\u00e9di\u00e9s aux TPE\/PME.<\/p>\n<\/div>\n\n\n\n<div class=\"wp-block-column is-layout-flow wp-block-column-is-layout-flow\">\n<figure class=\"wp-block-image aligncenter size-full\" style=\"margin-bottom:var(--wp--preset--spacing--50)\"><img decoding=\"async\" src=\"https:\/\/france.dev-xefi.manitoba-preprod.fr\/wp-content\/uploads\/sites\/2\/2025\/05\/icon_transparence.svg\" alt=\"\" class=\"wp-image-435\"\/><\/figure>\n\n\n\n<p class=\"has-text-align-center has-custom-medium-font-size\"><strong>Transparence<\/strong><\/p>\n\n\n\n<p class=\"has-text-align-center\">Des solutions \u00ab cl\u00e9s en mains \u00bb et sans co\u00fbts cach\u00e9s pour une transparence totale envers nos clients.<\/p>\n<\/div>\n\n\n\n<div class=\"wp-block-column is-layout-flow wp-block-column-is-layout-flow\">\n<figure class=\"wp-block-image aligncenter size-full\" style=\"margin-bottom:var(--wp--preset--spacing--50)\"><img decoding=\"async\" src=\"https:\/\/france.dev-xefi.manitoba-preprod.fr\/wp-content\/uploads\/sites\/2\/2025\/05\/icon_serenite.svg\" alt=\"\" class=\"wp-image-433\"\/><\/figure>\n\n\n\n<p class=\"has-text-align-center has-custom-medium-font-size\"><strong>S\u00e9r\u00e9nit\u00e9<\/strong><\/p>\n\n\n\n<p class=\"has-text-align-center\">Un partenaire de confiance qui pilote votre syst\u00e8me informatique et assure la bonne marche de votre entreprise.<\/p>\n<\/div>\n<\/div>\n<\/div>\n","protected":false},"excerpt":{"rendered":"<p>votre agence xefi de proximit\u00e9 Trouvez rapidement l\u2019agence XEFI la plus proche de vous en cliquant sur le bouton de localisation ou en entrant votre code postal ou votre ville ! retrouvez toutes nos agences par r\u00e9gions&#8230; Nos agences de proximit\u00e9 XEFI sont pr\u00e9sentes partout en France pour \u00eatre au plus pr\u00e8s de vous. S\u00e9lectionnez [&hellip;]<\/p>\n","protected":false},"author":1,"featured_media":658,"parent":0,"menu_order":57,"comment_status":"closed","ping_status":"closed","template":"","meta":{"_acf_changed":false,"footnotes":""},"class_list":["post-68","page","type-page","status-publish","has-post-thumbnail","hentry"],"acf":[],"_links":{"self":[{"href":"https:\/\/suisse.dev-xefi.manitoba-preprod.fr\/fr\/wp-json\/wp\/v2\/pages\/68","targetHints":{"allow":["GET"]}}],"collection":[{"href":"https:\/\/suisse.dev-xefi.manitoba-preprod.fr\/fr\/wp-json\/wp\/v2\/pages"}],"about":[{"href":"https:\/\/suisse.dev-xefi.manitoba-preprod.fr\/fr\/wp-json\/wp\/v2\/types\/page"}],"author":[{"embeddable":true,"href":"https:\/\/suisse.dev-xefi.manitoba-preprod.fr\/fr\/wp-json\/wp\/v2\/users\/1"}],"replies":[{"embeddable":true,"href":"https:\/\/suisse.dev-xefi.manitoba-preprod.fr\/fr\/wp-json\/wp\/v2\/comments?post=68"}],"version-history":[{"count":0,"href":"https:\/\/suisse.dev-xefi.manitoba-preprod.fr\/fr\/wp-json\/wp\/v2\/pages\/68\/revisions"}],"wp:featuredmedia":[{"embeddable":true,"href":"https:\/\/suisse.dev-xefi.manitoba-preprod.fr\/fr\/wp-json\/wp\/v2\/media\/658"}],"wp:attachment":[{"href":"https:\/\/suisse.dev-xefi.manitoba-preprod.fr\/fr\/wp-json\/wp\/v2\/media?parent=68"}],"curies":[{"name":"wp","href":"https:\/\/api.w.org\/{rel}","templated":true}]}}