{"id":344,"date":"2025-05-05T11:23:08","date_gmt":"2025-05-05T09:23:08","guid":{"rendered":"https:\/\/france.dev-xefi.manitoba-preprod.fr\/?page_id=157"},"modified":"2026-02-13T11:52:36","modified_gmt":"2026-02-13T10:52:36","slug":"conseils-d-experts-et-actualites","status":"publish","type":"page","link":"https:\/\/suisse.dev-xefi.manitoba-preprod.fr\/fr\/decouvrir-xefi\/a-propos-de-nous\/conseils-d-experts-et-actualites\/","title":{"rendered":"Conseils d\u2019experts et Actualit\u00e9s"},"content":{"rendered":"\n<div class=\"wp-block-group alignfull has-light-background-color has-background is-layout-constrained wp-container-core-group-is-layout-a47e864c wp-block-group-is-layout-constrained\" style=\"padding-top:var(--wp--preset--spacing--80);padding-right:var(--wp--preset--spacing--50);padding-bottom:var(--wp--preset--spacing--80);padding-left:var(--wp--preset--spacing--50)\">\n<h2 class=\"wp-block-heading has-text-align-center\" style=\"margin-bottom:var(--wp--preset--spacing--80)\">Parole \u00e0 <mark class=\"has-inline-color has-primary-color\">nos experts<\/mark><\/h2>\n\n\n<script type=\"application\/ld+json\">{\"@context\":\"https:\/\/schema.org\",\"@graph\":[{\"@type\":\"TechArticle\",\"headline\":\"Notre expert IT, S\u00e9bastien nous parle de nos solutions de maintenance\",\"dateCreated\":\"2025-07-29T12:35:53+02:00\",\"datePublished\":\"2025-07-29T12:35:53+02:00\",\"abstract\":\"En moins de 2 minutes, d\u00e9couvrez en vid\u00e9o, le t\u00e9moignage de notre expert en maintenance sur les solutions propos\u00e9es aux TPE et PME ! \\nPourquoi la maintenance informatique est-elle essentielle pour une TPE\/PME ? Quels sont les risques concrets pour l\u2019entreprise ? Comment XEFI y r\u00e9pond concr\u00e8tement ? \",\"inLanguage\":\"fr-FR\",\"url\":\"https:\/\/suisse.dev-xefi.manitoba-preprod.fr\/fr\/notre-expert-it-sebastien-nous-parle-de-nos-solutions-de-maintenance-informatique-pour-les-tpe-et-les-pme\/\",\"author\":{\"@type\":\"Person\",\"name\":\"sladana\"},\"image\":{\"@type\":\"ImageObject\",\"url\":\"https:\/\/suisse.dev-xefi.manitoba-preprod.fr\/wp-content\/uploads\/sites\/3\/2025\/08\/sebastien-expert-it-solution-maintenance-xefi-informatique-partenaire-des-tpe-pme.png\"}}]}<\/script><div class=\"manitoba-articles-carousel\" id=\"articles-carousel-1\"\n  data-max-items=\"1\" data-autoplay=\"false\" data-autoplay-delay=\"5000\">\n  <div class=\"swiper\">\n    <div class=\"swiper-wrapper\">\n            <div class=\"swiper-slide\">\n        <article class=\"article-card cut-border\">\n          <div class=\"article-media\">\n                        <div class=\"article-video\">\n              <iframe loading=\"lazy\" title=\"Notre expert IT, S\u00e9bastien nous parle des solutions de maintenance informatique de XEFI\" width=\"500\" height=\"281\" src=\"https:\/\/www.youtube.com\/embed\/uXW3fZ0Mjf0?feature=oembed\" frameborder=\"0\" allow=\"accelerometer; autoplay; clipboard-write; encrypted-media; gyroscope; picture-in-picture; web-share\" referrerpolicy=\"strict-origin-when-cross-origin\" allowfullscreen><\/iframe>            <\/div>\n                      <\/div>\n\n          <div class=\"article-content\">\n            <p class=\"article-meta\">\n                            <span class=\"article-category\">\n                Maintenance              <\/span>\n                          <\/p>\n\n                        <p class=\"article-tags\">\n                            <span class=\"article-tag\">\n                depannage informatique              <\/span>\n                            <span class=\"article-tag\">\n                maintenance preventive              <\/span>\n                          <\/p>\n            \n            <h3 class=\"article-title\">\n              <a\n                href=\"https:\/\/suisse.dev-xefi.manitoba-preprod.fr\/fr\/notre-expert-it-sebastien-nous-parle-de-nos-solutions-de-maintenance-informatique-pour-les-tpe-et-les-pme\/\">Notre expert IT, S\u00e9bastien nous parle de nos solutions de maintenance<\/a>\n            <\/h3>\n\n            <p class=\"article-excerpt\">\n              En moins de 2 minutes, d\u00e9couvrez en vid\u00e9o, le t\u00e9moignage de notre expert en maintenance sur les solutions propos\u00e9es aux TPE et PME ! \nPourquoi la maintenance informatique est-elle essentielle pour une TPE\/PME ? Quels sont les risques concrets pour l\u2019entreprise ? Comment XEFI y r\u00e9pond concr\u00e8tement ?             <\/p>\n            <a class=\"article-btn\" aria-label=\"Notre expert IT, S\u00e9bastien nous parle de nos solutions de maintenance\"\n              href=\"https:\/\/suisse.dev-xefi.manitoba-preprod.fr\/fr\/notre-expert-it-sebastien-nous-parle-de-nos-solutions-de-maintenance-informatique-pour-les-tpe-et-les-pme\/\">\n              Voir plus            <\/a>\n          <\/div>\n        <\/article>\n      <\/div>\n          <\/div>\n\n      <\/div>\n  <\/div>\n\n<\/div>\n\n\n\n<div class=\"wp-block-group alignfull is-layout-constrained wp-container-core-group-is-layout-a47e864c wp-block-group-is-layout-constrained\" style=\"padding-top:var(--wp--preset--spacing--80);padding-right:var(--wp--preset--spacing--50);padding-bottom:var(--wp--preset--spacing--80);padding-left:var(--wp--preset--spacing--50)\">\n<h2 class=\"wp-block-heading has-text-align-center\" style=\"margin-bottom:var(--wp--preset--spacing--80)\">Tous nos conseils d&rsquo;experts et actualit\u00e9s<\/h2>\n\n\n<p>[manitoba_blog_filters posts_per_page=\u00a0\u00bb8&Prime;]<\/p>\n<\/div>\n","protected":false},"excerpt":{"rendered":"<p>Parole \u00e0 nos experts Tous nos conseils d&rsquo;experts et actualit\u00e9s<\/p>\n","protected":false},"author":1,"featured_media":345,"parent":329,"menu_order":55,"comment_status":"closed","ping_status":"closed","template":"","meta":{"_acf_changed":false,"footnotes":""},"class_list":["post-344","page","type-page","status-publish","has-post-thumbnail","hentry","page_location-decouvrir-xefi","page_location-menu-mobile","page_location-menu-secondaire"],"acf":[],"_links":{"self":[{"href":"https:\/\/suisse.dev-xefi.manitoba-preprod.fr\/fr\/wp-json\/wp\/v2\/pages\/344","targetHints":{"allow":["GET"]}}],"collection":[{"href":"https:\/\/suisse.dev-xefi.manitoba-preprod.fr\/fr\/wp-json\/wp\/v2\/pages"}],"about":[{"href":"https:\/\/suisse.dev-xefi.manitoba-preprod.fr\/fr\/wp-json\/wp\/v2\/types\/page"}],"author":[{"embeddable":true,"href":"https:\/\/suisse.dev-xefi.manitoba-preprod.fr\/fr\/wp-json\/wp\/v2\/users\/1"}],"replies":[{"embeddable":true,"href":"https:\/\/suisse.dev-xefi.manitoba-preprod.fr\/fr\/wp-json\/wp\/v2\/comments?post=344"}],"version-history":[{"count":0,"href":"https:\/\/suisse.dev-xefi.manitoba-preprod.fr\/fr\/wp-json\/wp\/v2\/pages\/344\/revisions"}],"up":[{"embeddable":true,"href":"https:\/\/suisse.dev-xefi.manitoba-preprod.fr\/fr\/wp-json\/wp\/v2\/pages\/329"}],"wp:featuredmedia":[{"embeddable":true,"href":"https:\/\/suisse.dev-xefi.manitoba-preprod.fr\/fr\/wp-json\/wp\/v2\/media\/345"}],"wp:attachment":[{"href":"https:\/\/suisse.dev-xefi.manitoba-preprod.fr\/fr\/wp-json\/wp\/v2\/media?parent=344"}],"curies":[{"name":"wp","href":"https:\/\/api.w.org\/{rel}","templated":true}]}}