{"id":227,"date":"2025-04-14T14:27:36","date_gmt":"2025-04-14T12:27:36","guid":{"rendered":"https:\/\/dev-xefi.manitoba-preprod.fr\/?page_id=40"},"modified":"2025-08-08T11:23:47","modified_gmt":"2025-08-08T09:23:47","slug":"equipement","status":"publish","type":"page","link":"https:\/\/suisse.dev-xefi.manitoba-preprod.fr\/fr\/equipement\/","title":{"rendered":"\u00c9quipement"},"content":{"rendered":"\n<div class=\"wp-block-group alignfull is-layout-constrained wp-container-core-group-is-layout-a47e864c wp-block-group-is-layout-constrained\" style=\"padding-top:var(--wp--preset--spacing--80);padding-right:var(--wp--preset--spacing--50);padding-bottom:var(--wp--preset--spacing--80);padding-left:var(--wp--preset--spacing--50)\">\n<div class=\"wp-block-columns is-layout-flex wp-container-core-columns-is-layout-7ee84d44 wp-block-columns-is-layout-flex\">\n<div class=\"wp-block-column is-layout-flow wp-container-core-column-is-layout-8a368f38 wp-block-column-is-layout-flow\"><div class=\"manitoba-chiffres-cle animated wp-block-manitoba-chiffres-chiffres-cle\" id=\"chiffre-1\">\r\n  <div class=\"manitoba-chiffres-number-wrapper\">\r\n    <p class=\"manitoba-chiffres-number-value\" data-number=\"70\"\r\n      data-animated=\"true\" style=\"\">\r\n      0    <\/p>\r\n        <p class=\"manitoba-chiffres-number-unit\" style=\"\">%<\/p>\r\n      <\/div>\r\n<\/div>\r\n\r\n\n\n\n<p class=\"has-text-align-center\" style=\"margin-bottom:var(--wp--preset--spacing--20)\">des pannes informatiques sont li\u00e9es \u00e0 du mat\u00e9riel obsol\u00e8te<\/p>\n\n\n\n<p class=\"has-text-align-center has-grey-color has-text-color has-link-color has-custom-small-font-size wp-elements-a5859d4fbb180e062897e7f1e9e3725e\">Source : Gartner<\/p>\n<\/div>\n\n\n\n<div class=\"wp-block-column is-layout-flow wp-block-column-is-layout-flow\"><div class=\"manitoba-chiffres-cle animated wp-block-manitoba-chiffres-chiffres-cle\" id=\"chiffre-2\">\r\n  <div class=\"manitoba-chiffres-number-wrapper\">\r\n    <p class=\"manitoba-chiffres-number-value\" data-number=\"22\"\r\n      data-animated=\"true\" style=\"\">\r\n      0    <\/p>\r\n        <p class=\"manitoba-chiffres-number-unit\" style=\"\">min<\/p>\r\n      <\/div>\r\n<\/div>\r\n\r\n\n\n\n<p class=\"has-text-align-center\" style=\"margin-bottom:var(--wp--preset--spacing--20)\">par jour perdues \u00e0 cause d\u2019un \u00e9quipement informatique inadapt\u00e9<\/p>\n\n\n\n<p class=\"has-text-align-center has-grey-color has-text-color has-link-color has-custom-small-font-size wp-elements-2ec5e8feec16ecb622d5fbfcc0f1e3c1\">Source : \u00c9tude Sharp\/IPSOS, 2020<\/p>\n<\/div>\n\n\n\n<div class=\"wp-block-column is-layout-flow wp-block-column-is-layout-flow\"><div class=\"manitoba-chiffres-cle animated wp-block-manitoba-chiffres-chiffres-cle\" id=\"chiffre-3\">\r\n  <div class=\"manitoba-chiffres-number-wrapper\">\r\n    <p class=\"manitoba-chiffres-number-value\" data-number=\"68\"\r\n      data-animated=\"true\" style=\"\">\r\n      0    <\/p>\r\n        <p class=\"manitoba-chiffres-number-unit\" style=\"\">%<\/p>\r\n      <\/div>\r\n<\/div>\r\n\r\n\n\n\n<p class=\"has-text-align-center\" style=\"margin-bottom:var(--wp--preset--spacing--20)\">des employ\u00e9s affirment que disposer d\u2019un mat\u00e9riel performant am\u00e9liore leur motivation<\/p>\n\n\n\n<p class=\"has-text-align-center has-grey-color has-text-color has-link-color has-custom-small-font-size wp-elements-4bf413f04ae9e104547d5a1cc0443b16\">Source : \u00c9tude Symantec<\/p>\n<\/div>\n<\/div>\n<\/div>\n\n\n\n<div class=\"wp-block-group alignfull is-layout-constrained wp-container-core-group-is-layout-a47e864c wp-block-group-is-layout-constrained\" style=\"padding-top:var(--wp--preset--spacing--80);padding-right:var(--wp--preset--spacing--50);padding-bottom:var(--wp--preset--spacing--80);padding-left:var(--wp--preset--spacing--50)\">\n<h2 class=\"wp-block-heading has-text-align-center\" style=\"margin-bottom:var(--wp--preset--spacing--80)\">Des outils performants pour une <mark class=\"has-inline-color has-primary-color\">entreprise plus efficace<\/mark><\/h2>\n\n\n<nav class=\"manitoba-intern-menu manitoba-intern-menu-cols-5 manitoba-intern-menu--hover-width wp-block-manitoba-page-location-intern-menu\" aria-label=\"Menu interne\">\n  <ul class=\"manitoba-intern-menu-grid\">\n            <li class=\"manitoba-intern-menu-grid-item\">\n                    <div class=\"manitoba-intern-menu-item nolink has-description\" role=\"article\"\n          aria-labelledby=\"menu-title-0\"\n           aria-describedby=\"menu-desc-0\">\n                    <div class=\"manitoba-intern-menu-item-background\" style=\"background-image: url(https:\/\/france.dev-xefi.manitoba-preprod.fr\/wp-content\/uploads\/sites\/2\/2025\/07\/pc-fixes-et-portables-professionnels-xefi-partenaire-informatique-des-tpe-pme-2.png);\" aria-hidden=\"true\"><\/div>\n          <div class=\"manitoba-intern-menu-item-overlay\">\n            <div class=\"manitoba-intern-menu-item-title-container\">\n              <h3 id=\"menu-title-0\" class=\"manitoba-intern-menu-item-title\">\n                PC fixes et portables professionnels<\/h3>\n            <\/div>\n                        <div class=\"manitoba-intern-menu-item-description-container\">\n              <p id=\"menu-desc-0\" class=\"manitoba-intern-menu-item-description\">\n                Mat\u00e9riel 100 % HP, install\u00e9 cl\u00e9 en main, maintenu sur toute la dur\u00e9e du contrat.              <\/p>\n            <\/div>\n                      <\/div>\n                <\/div>\n          <\/li>\n        <li class=\"manitoba-intern-menu-grid-item\">\n                  <a href=\"https:\/\/suisse.dev-xefi.manitoba-preprod.fr\/fr\/politique-de-confidentialite-cookies\/\" class=\"manitoba-intern-menu-item has-description\"\n         aria-labelledby=\"menu-title-1\"\n         aria-describedby=\"menu-desc-1\">\n                  <div class=\"manitoba-intern-menu-item-background\" style=\"background-image: url(https:\/\/france.dev-xefi.manitoba-preprod.fr\/wp-content\/uploads\/sites\/2\/2025\/07\/serveurs-professionnels-hpe-xefi-partenaire-informatique-des-tpe-pme-2.jpg);\" aria-hidden=\"true\"><\/div>\n          <div class=\"manitoba-intern-menu-item-overlay\">\n            <div class=\"manitoba-intern-menu-item-title-container\">\n              <h3 id=\"menu-title-1\" class=\"manitoba-intern-menu-item-title\">\n                Serveurs professionnels HPE<\/h3>\n            <\/div>\n                        <div class=\"manitoba-intern-menu-item-description-container\">\n              <p id=\"menu-desc-1\" class=\"manitoba-intern-menu-item-description\">\n                Une infrastructure dimensionn\u00e9e pour vos applications, vos donn\u00e9es et vos enjeux de disponibilit\u00e9.              <\/p>\n            <\/div>\n                      <\/div>\n                <\/a>\n          <\/li>\n        <li class=\"manitoba-intern-menu-grid-item\">\n                  <a href=\"https:\/\/suisse.dev-xefi.manitoba-preprod.fr\/fr\/certifications-partenaires\/hp\/\" class=\"manitoba-intern-menu-item has-description\"\n         aria-labelledby=\"menu-title-2\"\n         aria-describedby=\"menu-desc-2\">\n                  <div class=\"manitoba-intern-menu-item-background\" style=\"background-image: url(https:\/\/france.dev-xefi.manitoba-preprod.fr\/wp-content\/uploads\/sites\/2\/2025\/06\/image_imprimantes_copieurs-1-scaled.jpg);\" aria-hidden=\"true\"><\/div>\n          <div class=\"manitoba-intern-menu-item-overlay\">\n            <div class=\"manitoba-intern-menu-item-title-container\">\n              <h3 id=\"menu-title-2\" class=\"manitoba-intern-menu-item-title\">\n                Imprimantes et copieurs<\/h3>\n            <\/div>\n                        <div class=\"manitoba-intern-menu-item-description-container\">\n              <p id=\"menu-desc-2\" class=\"manitoba-intern-menu-item-description\">\n                Une gestion d\u2019impression simplifi\u00e9e, sans surco\u00fbt ni surprise, avec maintenance et consommables inclus.              <\/p>\n            <\/div>\n                      <\/div>\n                <\/a>\n          <\/li>\n        <li class=\"manitoba-intern-menu-grid-item\">\n                  <a href=\"https:\/\/suisse.dev-xefi.manitoba-preprod.fr\/fr\/en\/certifications-partenaires\/hp\/hp_logo_2025-svg-2\/\" class=\"manitoba-intern-menu-item has-description\"\n         aria-labelledby=\"menu-title-3\"\n         aria-describedby=\"menu-desc-3\">\n                  <div class=\"manitoba-intern-menu-item-background\" style=\"background-image: url(https:\/\/france.dev-xefi.manitoba-preprod.fr\/wp-content\/uploads\/sites\/2\/2025\/07\/peripheriques-informatiques-xefi-partenaire-informatique-des-tpe-pme-bd.jpg);\" aria-hidden=\"true\"><\/div>\n          <div class=\"manitoba-intern-menu-item-overlay\">\n            <div class=\"manitoba-intern-menu-item-title-container\">\n              <h3 id=\"menu-title-3\" class=\"manitoba-intern-menu-item-title\">\n                P\u00e9riph\u00e9riques informatiques<\/h3>\n            <\/div>\n                        <div class=\"manitoba-intern-menu-item-description-container\">\n              <p id=\"menu-desc-3\" class=\"manitoba-intern-menu-item-description\">\n                Des outils de visioconf\u00e9rence (audio et vid\u00e9o) pens\u00e9s pour am\u00e9liorer la qualit\u00e9 des \u00e9changes et le confort de travail lors de vos r\u00e9unions \u00e0 distance.              <\/p>\n            <\/div>\n                      <\/div>\n                <\/a>\n          <\/li>\n        <li class=\"manitoba-intern-menu-grid-item\">\n                    <div class=\"manitoba-intern-menu-item nolink has-description\" role=\"article\"\n          aria-labelledby=\"menu-title-4\"\n           aria-describedby=\"menu-desc-4\">\n                    <div class=\"manitoba-intern-menu-item-background\" style=\"background-image: url(https:\/\/france.dev-xefi.manitoba-preprod.fr\/wp-content\/uploads\/sites\/2\/2025\/07\/solution-financement-nexlease-xefi-partenaire-informatique-des-tpe-pme.png);\" aria-hidden=\"true\"><\/div>\n          <div class=\"manitoba-intern-menu-item-overlay\">\n            <div class=\"manitoba-intern-menu-item-title-container\">\n              <h3 id=\"menu-title-4\" class=\"manitoba-intern-menu-item-title\">\n                Financement<\/h3>\n            <\/div>\n                        <div class=\"manitoba-intern-menu-item-description-container\">\n              <p id=\"menu-desc-4\" class=\"manitoba-intern-menu-item-description\">\n                \u00c9quipez-vous sans alourdir votre tr\u00e9sorerie gr\u00e2ce \u00e0 une solution souple, \u00e9volutive et parfaitement adapt\u00e9e aux TPE\/PME.              <\/p>\n            <\/div>\n                      <\/div>\n                <\/div>\n          <\/li>\n          <\/ul>\n<\/nav>\n<\/div>\n\n\n\n<div class=\"wp-block-group alignfull is-layout-constrained wp-container-core-group-is-layout-11c1ca01 wp-block-group-is-layout-constrained has-background\" style=\"padding-right:var(--wp--preset--spacing--50);padding-left:var(--wp--preset--spacing--50);background-image:url(&#039;https:\/\/france.dev-xefi.manitoba-preprod.fr\/wp-content\/uploads\/sites\/2\/2025\/07\/bandeau_contact_equipement-scaled.jpg&#039;);background-position:50% 50%;background-size:cover;background-attachment:scroll;\">\n<div class=\"wp-block-columns is-layout-flex wp-container-core-columns-is-layout-28f84493 wp-block-columns-is-layout-flex\">\n<div class=\"wp-block-column is-layout-flow wp-block-column-is-layout-flow\" style=\"padding-top:var(--wp--preset--spacing--50);padding-bottom:var(--wp--preset--spacing--50);flex-basis:33.33%\">\n<h3 class=\"wp-block-heading has-background-color has-text-color has-link-color wp-elements-df155d33dd07546bab9a2d6cdd0ede33\">BESOIN D&rsquo;UN NOUVEL \u00c9QUIPEMENT SANS ALOURDIR VOTRE TR\u00c9SORERIE ?<\/h3>\n\n\n\n<p class=\"has-background-color has-text-color has-link-color wp-elements-6cda7be45071df643340abf17884fec3\">\u00c9quipez-vous avec le meilleur mat\u00e9riel tout en ma\u00eetrisant vos co\u00fbts !<\/p>\n\n\n\n<div class=\"wp-block-buttons is-layout-flex wp-block-buttons-is-layout-flex\">\n<div class=\"wp-block-button alt\"><a class=\"wp-block-button__link has-background-background-color has-background has-border-color has-dark-border-color wp-element-button\" href=\"#contact-store\" style=\"border-width:4px\">NOUS CONTACTER<\/a><\/div>\n<\/div>\n<\/div>\n<\/div>\n<\/div>\n\n\n\n<div class=\"wp-block-group alignfull has-grey-background-color has-background is-layout-constrained wp-container-core-group-is-layout-a47e864c wp-block-group-is-layout-constrained\" style=\"padding-top:var(--wp--preset--spacing--80);padding-right:var(--wp--preset--spacing--50);padding-bottom:var(--wp--preset--spacing--80);padding-left:var(--wp--preset--spacing--50)\">\n<h2 class=\"wp-block-heading has-text-align-center has-dark-color has-text-color has-link-color wp-elements-4f1055b16fe0c3637c1e54c00326bdea\" style=\"margin-bottom:var(--wp--preset--spacing--80)\">PAROLE \u00c0 <mark class=\"has-inline-color has-primary-color\">NOS EXPERTS<\/mark><\/h2>\n\n\n\n\n\n<div class=\"wp-block-buttons is-content-justification-center is-layout-flex wp-container-core-buttons-is-layout-46a81f07 wp-block-buttons-is-layout-flex\" style=\"margin-top:var(--wp--preset--spacing--80)\">\n<div class=\"wp-block-button\"><a class=\"wp-block-button__link has-background-color has-dark-background-color has-text-color has-background has-link-color has-text-align-left wp-element-button\" href=\"https:\/\/france.dev-xefi.manitoba-preprod.fr\/fr\/decouvrir-xefi\/a-propos-de-nous\/conseils-d-experts-et-actualites\/\">Voir tous nos conseils d&rsquo;experts<\/a><\/div>\n<\/div>\n<\/div>\n\n\n\n<div class=\"wp-block-group alignfull has-background-color has-dark-background-color has-text-color has-background has-link-color wp-elements-a22b3e5d8397841fec7b3f44ac51d06d is-layout-constrained wp-container-core-group-is-layout-656a57f4 wp-block-group-is-layout-constrained\" style=\"padding-top:var(--wp--preset--spacing--80);padding-right:var(--wp--preset--spacing--50);padding-bottom:var(--wp--preset--spacing--80);padding-left:var(--wp--preset--spacing--50)\">\n<div class=\"wp-block-columns is-layout-flex wp-container-core-columns-is-layout-14cf5ab5 wp-block-columns-is-layout-flex\">\n<div class=\"wp-block-column is-layout-flow wp-block-column-is-layout-flow\">\n<figure class=\"wp-block-image size-full cut-border\"><img decoding=\"async\" src=\"https:\/\/france.dev-xefi.manitoba-preprod.fr\/wp-content\/uploads\/sites\/2\/2025\/05\/expertise-xefi-pour-tpe-pme-bd.jpg\" alt=\"\" class=\"wp-image-10628\" style=\"aspect-ratio:16\/9;object-fit:cover\"\/><\/figure>\n<\/div>\n\n\n\n<div class=\"wp-block-column is-layout-flow wp-block-column-is-layout-flow\" style=\"padding-top:var(--wp--preset--spacing--60);padding-right:var(--wp--preset--spacing--50);padding-bottom:var(--wp--preset--spacing--60);padding-left:var(--wp--preset--spacing--50)\">\n<h3 class=\"wp-block-heading\" style=\"margin-bottom:var(--wp--preset--spacing--60)\">L\u2019EXPERTISE XEFI POUR LES TPE\/PME<\/h3>\n\n\n\n<ul class=\"wp-block-list\">\n<li><strong>Une approche cl\u00e9 en main, de l&rsquo;installation au suivi<\/strong><\/li>\n\n\n\n<li><strong>Assistance t\u00e9l\u00e9phonique rapide<\/strong><\/li>\n\n\n\n<li><strong>Intervention sur site entre 4h et 36h<\/strong><\/li>\n\n\n\n<li><strong>28 ans d\u2019expertise m\u00e9tier<\/strong><\/li>\n<\/ul>\n<\/div>\n<\/div>\n<\/div>\n\n\n\n<div class=\"wp-block-group alignfull has-background-background-color has-background is-layout-constrained wp-container-core-group-is-layout-656a57f4 wp-block-group-is-layout-constrained\" style=\"padding-top:var(--wp--preset--spacing--80);padding-right:var(--wp--preset--spacing--50);padding-bottom:var(--wp--preset--spacing--80);padding-left:var(--wp--preset--spacing--50)\">\n<h2 class=\"wp-block-heading has-text-align-center\" style=\"margin-bottom:var(--wp--preset--spacing--80)\">ils nous font <mark class=\"has-inline-color has-primary-color\">confiance<\/mark><\/h2>\n\n\n<p>Aucun avis client trouv\u00e9.<\/p><\/div>\n\n\n\n<div class=\"wp-block-group alignfull is-layout-constrained wp-container-core-group-is-layout-11c1ca01 wp-block-group-is-layout-constrained has-background\" style=\"padding-right:var(--wp--preset--spacing--50);padding-left:var(--wp--preset--spacing--50);background-image:url(&#039;https:\/\/france.dev-xefi.manitoba-preprod.fr\/wp-content\/uploads\/sites\/2\/2025\/06\/image_metier_equipements_bandeau_livreblanc-scaled.jpg&#039;);background-position:50% 50%;background-size:cover;background-attachment:scroll;\">\n<div class=\"wp-block-columns is-layout-flex wp-container-core-columns-is-layout-28f84493 wp-block-columns-is-layout-flex\">\n<div class=\"wp-block-column is-layout-flow wp-block-column-is-layout-flow\" style=\"padding-top:var(--wp--preset--spacing--50);padding-bottom:var(--wp--preset--spacing--50);flex-basis:33.33%\">\n<h3 class=\"wp-block-heading has-background-color has-text-color has-link-color wp-elements-88fbb3c1169910b41c48b8b615c89236\" style=\"text-transform:uppercase\">PASSEZ \u00c0 L&rsquo;\u00c9QUIPEMENT NOUVELLE G\u00c9N\u00c9RATION AVEC XEFI<\/h3>\n\n\n\n<div class=\"wp-block-buttons is-layout-flex wp-block-buttons-is-layout-flex\">\n<div class=\"wp-block-button\"><a class=\"wp-block-button__link has-background-background-color has-background wp-element-button\" href=\"#contact-store\">nous contacter<\/a><\/div>\n<\/div>\n<\/div>\n\n\n\n<div class=\"wp-block-column is-layout-flow wp-block-column-is-layout-flow\" style=\"flex-basis:66.66%\"><\/div>\n<\/div>\n<\/div>\n\n\n\n<div class=\"wp-block-group alignfull is-layout-constrained wp-container-core-group-is-layout-a47e864c wp-block-group-is-layout-constrained\" style=\"padding-top:var(--wp--preset--spacing--80);padding-right:var(--wp--preset--spacing--50);padding-bottom:var(--wp--preset--spacing--80);padding-left:var(--wp--preset--spacing--50)\">\n<h2 class=\"wp-block-heading has-text-align-center\" style=\"margin-bottom:var(--wp--preset--spacing--80)\">Foire aux <mark class=\"has-inline-color has-primary-color\">questions<\/mark><\/h2>\n\n\n\n<div class=\"wp-block-columns is-layout-flex wp-container-core-columns-is-layout-14cf5ab5 wp-block-columns-is-layout-flex\">\n<div class=\"wp-block-column is-layout-flow wp-container-core-column-is-layout-15ea44a4 wp-block-column-is-layout-flow\" style=\"flex-basis:60%\"><\/div>\n\n\n\n<div class=\"wp-block-column cut-border is-layout-flow wp-block-column-is-layout-flow\" style=\"padding-top:var(--wp--preset--spacing--20);padding-right:var(--wp--preset--spacing--20);padding-bottom:var(--wp--preset--spacing--20);padding-left:var(--wp--preset--spacing--20);flex-basis:40%\">\n<div class=\"wp-block-group cut-border has-light-background-color has-background is-layout-constrained wp-container-core-group-is-layout-db32e940 wp-block-group-is-layout-constrained\" style=\"padding-top:var(--wp--preset--spacing--60);padding-right:var(--wp--preset--spacing--60);padding-bottom:var(--wp--preset--spacing--60);padding-left:var(--wp--preset--spacing--60)\">\n<figure class=\"wp-block-image aligncenter size-full\" style=\"margin-bottom:var(--wp--preset--spacing--50)\"><img decoding=\"async\" src=\"https:\/\/france.dev-xefi.manitoba-preprod.fr\/wp-content\/uploads\/sites\/2\/2025\/05\/icon_faq_bubbles.svg\" alt=\"\" class=\"wp-image-348\"\/><\/figure>\n\n\n\n<div class=\"wp-block-buttons is-content-justification-center is-layout-flex wp-container-core-buttons-is-layout-a89b3969 wp-block-buttons-is-layout-flex\">\n<div class=\"wp-block-button\"><a class=\"wp-block-button__link has-background-color has-dark-background-color has-text-color has-background has-link-color wp-element-button\" href=\"https:\/\/france.dev-xefi.manitoba-preprod.fr\/fr\/foire-aux-questions\/\">Voir la faq<\/a><\/div>\n<\/div>\n<\/div>\n<\/div>\n<\/div>\n<\/div>\n","protected":false},"excerpt":{"rendered":"<p>des pannes informatiques sont li\u00e9es \u00e0 du mat\u00e9riel obsol\u00e8te Source : Gartner par jour perdues \u00e0 cause d\u2019un \u00e9quipement informatique inadapt\u00e9 Source : \u00c9tude Sharp\/IPSOS, 2020 des employ\u00e9s affirment que disposer d\u2019un mat\u00e9riel performant am\u00e9liore leur motivation Source : \u00c9tude Symantec Des outils performants pour une entreprise plus efficace BESOIN D&rsquo;UN NOUVEL \u00c9QUIPEMENT SANS ALOURDIR [&hellip;]<\/p>\n","protected":false},"author":1,"featured_media":228,"parent":0,"menu_order":6,"comment_status":"closed","ping_status":"closed","template":"page-metier","meta":{"_acf_changed":false,"footnotes":""},"class_list":["post-227","page","type-page","status-publish","has-post-thumbnail","hentry","page_location-menu-mobile","page_location-menu-principal","page_location-nos-solutions"],"acf":[],"_links":{"self":[{"href":"https:\/\/suisse.dev-xefi.manitoba-preprod.fr\/fr\/wp-json\/wp\/v2\/pages\/227","targetHints":{"allow":["GET"]}}],"collection":[{"href":"https:\/\/suisse.dev-xefi.manitoba-preprod.fr\/fr\/wp-json\/wp\/v2\/pages"}],"about":[{"href":"https:\/\/suisse.dev-xefi.manitoba-preprod.fr\/fr\/wp-json\/wp\/v2\/types\/page"}],"author":[{"embeddable":true,"href":"https:\/\/suisse.dev-xefi.manitoba-preprod.fr\/fr\/wp-json\/wp\/v2\/users\/1"}],"replies":[{"embeddable":true,"href":"https:\/\/suisse.dev-xefi.manitoba-preprod.fr\/fr\/wp-json\/wp\/v2\/comments?post=227"}],"version-history":[{"count":0,"href":"https:\/\/suisse.dev-xefi.manitoba-preprod.fr\/fr\/wp-json\/wp\/v2\/pages\/227\/revisions"}],"wp:featuredmedia":[{"embeddable":true,"href":"https:\/\/suisse.dev-xefi.manitoba-preprod.fr\/fr\/wp-json\/wp\/v2\/media\/228"}],"wp:attachment":[{"href":"https:\/\/suisse.dev-xefi.manitoba-preprod.fr\/fr\/wp-json\/wp\/v2\/media?parent=227"}],"curies":[{"name":"wp","href":"https:\/\/api.w.org\/{rel}","templated":true}]}}