{"id":144,"date":"2025-05-07T14:35:10","date_gmt":"2025-05-07T12:35:10","guid":{"rendered":"https:\/\/france.dev-xefi.manitoba-preprod.fr\/?page_id=202"},"modified":"2025-08-08T11:24:01","modified_gmt":"2025-08-08T09:24:01","slug":"foire-aux-questions","status":"publish","type":"page","link":"https:\/\/suisse.dev-xefi.manitoba-preprod.fr\/fr\/foire-aux-questions\/","title":{"rendered":"FAQ"},"content":{"rendered":"\n<div class=\"wp-block-group is-content-justification-left is-layout-constrained wp-container-core-group-is-layout-b7c1a128 wp-block-group-is-layout-constrained\" style=\"padding-top:var(--wp--preset--spacing--80);padding-right:var(--wp--preset--spacing--50);padding-bottom:var(--wp--preset--spacing--80);padding-left:var(--wp--preset--spacing--50)\">\n<h2 class=\"wp-block-heading\" style=\"padding-top:0;padding-bottom:0\">MAINTENANCE<\/h2>\n\n\n<\/div>\n\n\n\n<div class=\"wp-block-group is-content-justification-left is-layout-constrained wp-container-core-group-is-layout-b7c1a128 wp-block-group-is-layout-constrained\" style=\"padding-top:var(--wp--preset--spacing--80);padding-right:var(--wp--preset--spacing--50);padding-bottom:var(--wp--preset--spacing--80);padding-left:var(--wp--preset--spacing--50)\">\n<h2 class=\"wp-block-heading\" style=\"padding-top:0;padding-bottom:0\">\u00c9QUIPEMENT<\/h2>\n\n\n<\/div>\n\n\n\n<div class=\"wp-block-group is-content-justification-left is-layout-constrained wp-container-core-group-is-layout-b7c1a128 wp-block-group-is-layout-constrained\" style=\"padding-top:var(--wp--preset--spacing--80);padding-right:var(--wp--preset--spacing--50);padding-bottom:var(--wp--preset--spacing--80);padding-left:var(--wp--preset--spacing--50)\">\n<h2 class=\"wp-block-heading\" style=\"padding-top:0;padding-bottom:0\">S\u00c9CURIT\u00c9<\/h2>\n\n\n<\/div>\n\n\n\n<div class=\"wp-block-group is-content-justification-left is-layout-constrained wp-container-core-group-is-layout-b7c1a128 wp-block-group-is-layout-constrained\" style=\"padding-top:var(--wp--preset--spacing--80);padding-right:var(--wp--preset--spacing--50);padding-bottom:var(--wp--preset--spacing--80);padding-left:var(--wp--preset--spacing--50)\">\n<h2 class=\"wp-block-heading\">CLOUD<\/h2>\n\n\n<\/div>\n\n\n\n<div class=\"wp-block-group is-content-justification-left is-layout-constrained wp-container-core-group-is-layout-b7c1a128 wp-block-group-is-layout-constrained\" style=\"padding-top:var(--wp--preset--spacing--80);padding-right:var(--wp--preset--spacing--50);padding-bottom:var(--wp--preset--spacing--80);padding-left:var(--wp--preset--spacing--50)\">\n<h2 class=\"wp-block-heading\">SOFTWARE<\/h2>\n\n\n<\/div>\n\n\n\n<div class=\"wp-block-group is-content-justification-left is-layout-constrained wp-container-core-group-is-layout-b7c1a128 wp-block-group-is-layout-constrained\" style=\"padding-top:var(--wp--preset--spacing--80);padding-right:var(--wp--preset--spacing--50);padding-bottom:var(--wp--preset--spacing--80);padding-left:var(--wp--preset--spacing--50)\">\n<h2 class=\"wp-block-heading\">FRANCHISE<\/h2>\n\n\n<\/div>\n","protected":false},"excerpt":{"rendered":"<p>MAINTENANCE \u00c9QUIPEMENT S\u00c9CURIT\u00c9 CLOUD SOFTWARE FRANCHISE<\/p>\n","protected":false},"author":1,"featured_media":0,"parent":0,"menu_order":65,"comment_status":"closed","ping_status":"closed","template":"","meta":{"_acf_changed":false,"footnotes":""},"class_list":["post-144","page","type-page","status-publish","hentry","page_location-decouvrir-xefi"],"acf":[],"_links":{"self":[{"href":"https:\/\/suisse.dev-xefi.manitoba-preprod.fr\/fr\/wp-json\/wp\/v2\/pages\/144","targetHints":{"allow":["GET"]}}],"collection":[{"href":"https:\/\/suisse.dev-xefi.manitoba-preprod.fr\/fr\/wp-json\/wp\/v2\/pages"}],"about":[{"href":"https:\/\/suisse.dev-xefi.manitoba-preprod.fr\/fr\/wp-json\/wp\/v2\/types\/page"}],"author":[{"embeddable":true,"href":"https:\/\/suisse.dev-xefi.manitoba-preprod.fr\/fr\/wp-json\/wp\/v2\/users\/1"}],"replies":[{"embeddable":true,"href":"https:\/\/suisse.dev-xefi.manitoba-preprod.fr\/fr\/wp-json\/wp\/v2\/comments?post=144"}],"version-history":[{"count":0,"href":"https:\/\/suisse.dev-xefi.manitoba-preprod.fr\/fr\/wp-json\/wp\/v2\/pages\/144\/revisions"}],"wp:attachment":[{"href":"https:\/\/suisse.dev-xefi.manitoba-preprod.fr\/fr\/wp-json\/wp\/v2\/media?parent=144"}],"curies":[{"name":"wp","href":"https:\/\/api.w.org\/{rel}","templated":true}]}}